{"id":639,"date":"2020-10-28T08:03:18","date_gmt":"2020-10-28T08:03:18","guid":{"rendered":"http:\/\/nmc-rc.strata360.com\/a-propos\/nmc-membership\/"},"modified":"2024-06-10T16:16:44","modified_gmt":"2024-06-10T21:16:44","slug":"nmc-membership","status":"publish","type":"page","link":"https:\/\/www.nunavutmarinecouncil.com\/fr\/a-propos\/nmc-membership\/","title":{"rendered":"Les membres du CMMN"},"content":{"rendered":"<p>Les Conseils et la Commission des quatre (4) organismes gouvernementaux membres du CMMN sont charg\u00e9s de conseiller le gouvernement sur les zones marines et de lui faire des recommandations. Chacun de ces quatre (4) organismes (Institutions du gouvernement populaire, IGP) a d\u00e9sign\u00e9 un membre de son Conseil, ou un Commissaire, comme repr\u00e9sentant(e) aupr\u00e8s du CMMN. Le pr\u00e9sident et le repr\u00e9sentant de chacun des quatre organismes (CNER, CAN, OEN et CGRGN) repr\u00e9sentent les int\u00e9r\u00eats de leurs Conseils ou Commission respectifs lors des t\u00e9l\u00e9conf\u00e9rences ou r\u00e9unions du CMMN. Un groupe de travail de membres du personnel a \u00e9t\u00e9 cr\u00e9\u00e9 avec des cadres sup\u00e9rieurs, de chacun des membres IGP, pour faire progresser les travaux aff\u00e9rents \u00e0 la mise en vigueur du Plan strat\u00e9gique du CMMN.<\/p>\n<p><a href=\"https:\/\/www.nunavutmarinecouncil.com\/wp-content\/uploads\/2024\/06\/240610-FRENCH-NMC-MEMBERSHIP-NMC-SITE-NEW.jpg\" target=\"_blank\" rel=\"noopener\"><img loading=\"lazy\" class=\"alignnone wp-image-2944 size-full\" src=\"https:\/\/www.nunavutmarinecouncil.com\/wp-content\/uploads\/2024\/06\/240610-FRENCH-NMC-MEMBERSHIP-NMC-SITE-NEW.jpg\" alt=\"\" width=\"1280\" height=\"720\" srcset=\"https:\/\/www.nunavutmarinecouncil.com\/wp-content\/uploads\/2024\/06\/240610-FRENCH-NMC-MEMBERSHIP-NMC-SITE-NEW.jpg 1280w, https:\/\/www.nunavutmarinecouncil.com\/wp-content\/uploads\/2024\/06\/240610-FRENCH-NMC-MEMBERSHIP-NMC-SITE-NEW-300x169.jpg 300w, https:\/\/www.nunavutmarinecouncil.com\/wp-content\/uploads\/2024\/06\/240610-FRENCH-NMC-MEMBERSHIP-NMC-SITE-NEW-1024x576.jpg 1024w, https:\/\/www.nunavutmarinecouncil.com\/wp-content\/uploads\/2024\/06\/240610-FRENCH-NMC-MEMBERSHIP-NMC-SITE-NEW-768x432.jpg 768w\" sizes=\"(max-width: 1280px) 100vw, 1280px\" \/><\/a><\/p>\n<p>&nbsp;<\/p>\n","protected":false},"excerpt":{"rendered":"<p>Les Conseils et la Commission des quatre (4) organismes gouvernementaux membres du CMMN sont charg\u00e9s de conseiller le gouvernement sur les zones marines et de lui faire des recommandations. Chacun de ces quatre (4) organismes (Institutions du gouvernement populaire, IGP) a d\u00e9sign\u00e9 un membre de son Conseil, ou un Commissaire, comme repr\u00e9sentant(e)&#8230;<\/p>\n","protected":false},"author":1,"featured_media":130,"parent":628,"menu_order":0,"comment_status":"closed","ping_status":"closed","template":"templates\/inner.php","meta":[],"_links":{"self":[{"href":"https:\/\/www.nunavutmarinecouncil.com\/fr\/wp-json\/wp\/v2\/pages\/639"}],"collection":[{"href":"https:\/\/www.nunavutmarinecouncil.com\/fr\/wp-json\/wp\/v2\/pages"}],"about":[{"href":"https:\/\/www.nunavutmarinecouncil.com\/fr\/wp-json\/wp\/v2\/types\/page"}],"author":[{"embeddable":true,"href":"https:\/\/www.nunavutmarinecouncil.com\/fr\/wp-json\/wp\/v2\/users\/1"}],"replies":[{"embeddable":true,"href":"https:\/\/www.nunavutmarinecouncil.com\/fr\/wp-json\/wp\/v2\/comments?post=639"}],"version-history":[{"count":13,"href":"https:\/\/www.nunavutmarinecouncil.com\/fr\/wp-json\/wp\/v2\/pages\/639\/revisions"}],"predecessor-version":[{"id":2959,"href":"https:\/\/www.nunavutmarinecouncil.com\/fr\/wp-json\/wp\/v2\/pages\/639\/revisions\/2959"}],"up":[{"embeddable":true,"href":"https:\/\/www.nunavutmarinecouncil.com\/fr\/wp-json\/wp\/v2\/pages\/628"}],"wp:featuredmedia":[{"embeddable":true,"href":"https:\/\/www.nunavutmarinecouncil.com\/fr\/wp-json\/wp\/v2\/media\/130"}],"wp:attachment":[{"href":"https:\/\/www.nunavutmarinecouncil.com\/fr\/wp-json\/wp\/v2\/media?parent=639"}],"curies":[{"name":"wp","href":"https:\/\/api.w.org\/{rel}","templated":true}]}}