{"id":1474,"date":"2021-01-27T20:12:22","date_gmt":"2021-01-27T20:12:22","guid":{"rendered":"http:\/\/nmc-rc.strata360.com\/activities\/get-involved\/"},"modified":"2024-04-10T11:16:18","modified_gmt":"2024-04-10T16:16:18","slug":"get-involved","status":"publish","type":"page","link":"https:\/\/www.nunavutmarinecouncil.com\/fr\/activities\/get-involved\/","title":{"rendered":"Participez!"},"content":{"rendered":"<p>Le Conseil du milieu marin du Nunavut veut sensibiliser davantage l\u2019opinion publique et maximiser la participation aux questions marines. En d\u00e9cidant de participer, de poser des questions et de soumettre des commentaires et des conseils sur les initiatives marines, vous pouvez contribuer \u00e0 la protection et \u00e0 la promotion des zones marines.<\/p>\n<h6>Possibilit\u00e9 de commentaires : Corridors de transport maritime \u00e0 faible impact<\/h6>\n<p>Le gouvernement du Canada sollicite des commentaires sur les corridors de navigation \u00e0 faible impact. Dans le cadre du Plan de protection des oc\u00e9ans, l&rsquo;initiative des corridors de navigation (corridors) \u00e0 faible impact dans le Nord est codir dirig\u00e9e par la Garde c\u00f4ti\u00e8re canadienne, Transports Canada et le Service hydrographique du Canada. L&rsquo;initiative corridors vise \u00e0 r\u00e9duire au minimum les effets potentiels de la navigation sur la faune, \u00e0 respecter les zones culturellement et \u00e9cologiquement sensibles, \u00e0 am\u00e9liorer la s\u00e9curit\u00e9 de la navigation maritime et \u00e0 orienter les investissements dans le Nord. Les principaux objectifs de l&rsquo;initiative des corridors sont d&rsquo;\u00e9laborer en collaboration un cadre de gouvernance pour appuyer les corridors et de d\u00e9terminer les domaines prioritaires pour l&rsquo;am\u00e9lioration des services. La Garde c\u00f4ti\u00e8re et Transports Canada ont dirig\u00e9 la mobilisation aupr\u00e8s des organisations et des gouvernements inuits, des Premi\u00e8res Nations et des M\u00e9tis, des gouvernements provinciaux et territoriaux et d&rsquo;autres intervenants cl\u00e9s afin de d\u00e9terminer les secteurs prioritaires d&rsquo;investissement et les mod\u00e8les de gouvernance potentiels.<\/p>\n<p>Vos commentaires peuvent \u00eatre fournis directement au <a href=\"https:\/\/www.dfo-mpo.gc.ca\/about-notre-sujet\/engagement\/2021\/shipping-corridors-navigation-fra.html\" target=\"_blank\" rel=\"noopener\">gouvernement du Canada<\/a> ou partag\u00e9s avec la CNG <a href=\"https:\/\/www.nunavutmarinecouncil.com\/fr\/contact\/\" target=\"_blank\" rel=\"noopener\">en communiquant avec nous<\/a>.<\/p>\n<p>Quand : Du 1er avril 2021 au 1er janvier 2022<\/p>\n<p>&nbsp;<\/p>\n","protected":false},"excerpt":{"rendered":"<p>Le Conseil du milieu marin du Nunavut veut sensibiliser davantage l\u2019opinion publique et maximiser la participation aux questions marines. En d\u00e9cidant de participer, de poser des questions et de soumettre des commentaires et des conseils sur les initiatives marines, vous pouvez contribuer \u00e0 la protection et \u00e0 la promotion des zones marines&#8230;.<\/p>\n","protected":false},"author":1,"featured_media":382,"parent":1178,"menu_order":0,"comment_status":"closed","ping_status":"closed","template":"templates\/inner.php","meta":[],"_links":{"self":[{"href":"https:\/\/www.nunavutmarinecouncil.com\/fr\/wp-json\/wp\/v2\/pages\/1474"}],"collection":[{"href":"https:\/\/www.nunavutmarinecouncil.com\/fr\/wp-json\/wp\/v2\/pages"}],"about":[{"href":"https:\/\/www.nunavutmarinecouncil.com\/fr\/wp-json\/wp\/v2\/types\/page"}],"author":[{"embeddable":true,"href":"https:\/\/www.nunavutmarinecouncil.com\/fr\/wp-json\/wp\/v2\/users\/1"}],"replies":[{"embeddable":true,"href":"https:\/\/www.nunavutmarinecouncil.com\/fr\/wp-json\/wp\/v2\/comments?post=1474"}],"version-history":[{"count":8,"href":"https:\/\/www.nunavutmarinecouncil.com\/fr\/wp-json\/wp\/v2\/pages\/1474\/revisions"}],"predecessor-version":[{"id":2906,"href":"https:\/\/www.nunavutmarinecouncil.com\/fr\/wp-json\/wp\/v2\/pages\/1474\/revisions\/2906"}],"up":[{"embeddable":true,"href":"https:\/\/www.nunavutmarinecouncil.com\/fr\/wp-json\/wp\/v2\/pages\/1178"}],"wp:featuredmedia":[{"embeddable":true,"href":"https:\/\/www.nunavutmarinecouncil.com\/fr\/wp-json\/wp\/v2\/media\/382"}],"wp:attachment":[{"href":"https:\/\/www.nunavutmarinecouncil.com\/fr\/wp-json\/wp\/v2\/media?parent=1474"}],"curies":[{"name":"wp","href":"https:\/\/api.w.org\/{rel}","templated":true}]}}