{"id":1287,"date":"2020-11-02T17:29:21","date_gmt":"2020-11-02T17:29:21","guid":{"rendered":"http:\/\/nmc-rc.strata360.com\/privacy\/"},"modified":"2020-12-17T22:07:05","modified_gmt":"2020-12-17T22:07:05","slug":"privacy","status":"publish","type":"page","link":"https:\/\/www.nunavutmarinecouncil.com\/fr\/privacy\/","title":{"rendered":"Politique de confidentialit\u00e9"},"content":{"rendered":"<div class=\"field field-name-body field-type-text-with-summary field-label-hidden\">\n<div class=\"field-items\">\n<div class=\"field-item even\">\n<p>Si, par le biais de ce site Web, vous fournissez des renseignements ou un document portant sur l\u2019une des responsabilit\u00e9s ou obligations publiques assur\u00e9es par le CMMN au titre de l\u2019Accord sur les revendications territoriales du Nunavut et de toute loi f\u00e9d\u00e9rale et territoriale en vigueur, sachez que ni votre document ni vos renseignements ne seront prot\u00e9g\u00e9s par le droit \u00e0 la confidentialit\u00e9. Si vous y incluez des renseignements personnels, vous acceptez alors qu\u2019ils fassent partie des donn\u00e9es saisies dans le registre public de ce site Web.<\/p>\n<p>Le CMMN s\u2019engage \u00e0 garantir la confidentialit\u00e9 des documents ou renseignements d\u2019ordre priv\u00e9 que vous lui soumettrez, comme une demande d\u2019emploi \u00e0 la Commission.<\/p>\n<p>Tous les renseignements personnels compil\u00e9s par le CMMN (et non inclus dans les documents du registre public), sont r\u00e9gis par la loi f\u00e9d\u00e9rale sur la protection des renseignements personnels. Ce qui signifie que vous serez avis\u00e9 de l\u2019objet de cette compilation de renseignements personnels ainsi que de la mani\u00e8re dont vous pourrez exercer votre droit d\u2019acc\u00e8s \u00e0 l\u2019information.<\/p>\n<\/div>\n<\/div>\n<\/div>\n","protected":false},"excerpt":{"rendered":"<p>Si, par le biais de ce site Web, vous fournissez des renseignements ou un document portant sur l\u2019une des responsabilit\u00e9s ou obligations publiques assur\u00e9es par le CMMN au titre de l\u2019Accord sur les revendications territoriales du Nunavut et de toute loi f\u00e9d\u00e9rale et territoriale en vigueur, sachez que ni votre document ni&#8230;<\/p>\n","protected":false},"author":1,"featured_media":0,"parent":0,"menu_order":0,"comment_status":"closed","ping_status":"closed","template":"","meta":[],"_links":{"self":[{"href":"https:\/\/www.nunavutmarinecouncil.com\/fr\/wp-json\/wp\/v2\/pages\/1287"}],"collection":[{"href":"https:\/\/www.nunavutmarinecouncil.com\/fr\/wp-json\/wp\/v2\/pages"}],"about":[{"href":"https:\/\/www.nunavutmarinecouncil.com\/fr\/wp-json\/wp\/v2\/types\/page"}],"author":[{"embeddable":true,"href":"https:\/\/www.nunavutmarinecouncil.com\/fr\/wp-json\/wp\/v2\/users\/1"}],"replies":[{"embeddable":true,"href":"https:\/\/www.nunavutmarinecouncil.com\/fr\/wp-json\/wp\/v2\/comments?post=1287"}],"version-history":[{"count":1,"href":"https:\/\/www.nunavutmarinecouncil.com\/fr\/wp-json\/wp\/v2\/pages\/1287\/revisions"}],"predecessor-version":[{"id":1288,"href":"https:\/\/www.nunavutmarinecouncil.com\/fr\/wp-json\/wp\/v2\/pages\/1287\/revisions\/1288"}],"wp:attachment":[{"href":"https:\/\/www.nunavutmarinecouncil.com\/fr\/wp-json\/wp\/v2\/media?parent=1287"}],"curies":[{"name":"wp","href":"https:\/\/api.w.org\/{rel}","templated":true}]}}