{"id":1265,"date":"2020-12-17T21:56:29","date_gmt":"2020-12-17T21:56:29","guid":{"rendered":"http:\/\/nmc-rc.strata360.com\/?page_id=1265"},"modified":"2020-12-17T21:56:29","modified_gmt":"2020-12-17T21:56:29","slug":"avis-de-non-responsabilite","status":"publish","type":"page","link":"https:\/\/www.nunavutmarinecouncil.com\/fr\/avis-de-non-responsabilite\/","title":{"rendered":"Avis de non-responsabilit\u00e9"},"content":{"rendered":"<p>Le Conseil du milieu marin du Nunavut (CMMN) se pr\u00e9vaudra du droit commun et de la protection l\u00e9gale contre toute responsabilit\u00e9 applicable \u00e0 un organe de r\u00e9glementation public. Les utilisateurs de ce site sont avis\u00e9s qu\u2019une grande partie des renseignements a \u00e9t\u00e9 soumise par des tierces parties et que le CMMN n\u2019en a v\u00e9rifi\u00e9 ni l\u2019exactitude, ni la compl\u00e9tion ni la fiabilit\u00e9. Le CMMN ne pourra \u00eatre tenue responsable de toute erreur ou omission dans les renseignements affich\u00e9s sur ce site et dont l\u2019utilisation est au risque exclusif de l\u2019utilisateur. De plus, le CMMN ne sera nullement tenue responsable de tout engagement expr\u00e8s ou implicite inh\u00e9rent \u00e0 l\u2019utilisation de ce site et de son contenu.<\/p>\n<p>Les modalit\u00e9s et conditions d\u2019acc\u00e8s et d\u2019utilisation de ce site Web sont r\u00e9gies par les lois du Nunavut, par l\u2019Accord sur les revendications territoriales du Nunavut et par les lois du Canada qui s\u2019appliquent au CMMN. Le Conseil ne sera pas r\u00e9put\u00e9 avoir accept\u00e9 d\u2019\u00eatre li\u00e9e par des lois ou autrement par la comp\u00e9tence de toute cour ou tribunal hors Nunavut si l\u2019acc\u00e8s au site a \u00e9t\u00e9 effectu\u00e9 \u00e0 partir d\u2019un lieu situ\u00e9 hors du Nunavut.<\/p>\n<p>En acc\u00e9dant \u00e0 ce site Web et en utilisant son contenu, l\u2019utilisateur reconnait avoir lu et compris les modalit\u00e9s d\u2019utilisation de ce site et consent \u00e0 y \u00eatre li\u00e9.<\/p>\n","protected":false},"excerpt":{"rendered":"<p>Le Conseil du milieu marin du Nunavut (CMMN) se pr\u00e9vaudra du droit commun et de la protection l\u00e9gale contre toute responsabilit\u00e9 applicable \u00e0 un organe de r\u00e9glementation public. Les utilisateurs de ce site sont avis\u00e9s qu\u2019une grande partie des renseignements a \u00e9t\u00e9 soumise par des tierces parties et que le CMMN n\u2019en&#8230;<\/p>\n","protected":false},"author":1,"featured_media":0,"parent":0,"menu_order":0,"comment_status":"closed","ping_status":"closed","template":"","meta":[],"_links":{"self":[{"href":"https:\/\/www.nunavutmarinecouncil.com\/fr\/wp-json\/wp\/v2\/pages\/1265"}],"collection":[{"href":"https:\/\/www.nunavutmarinecouncil.com\/fr\/wp-json\/wp\/v2\/pages"}],"about":[{"href":"https:\/\/www.nunavutmarinecouncil.com\/fr\/wp-json\/wp\/v2\/types\/page"}],"author":[{"embeddable":true,"href":"https:\/\/www.nunavutmarinecouncil.com\/fr\/wp-json\/wp\/v2\/users\/1"}],"replies":[{"embeddable":true,"href":"https:\/\/www.nunavutmarinecouncil.com\/fr\/wp-json\/wp\/v2\/comments?post=1265"}],"version-history":[{"count":2,"href":"https:\/\/www.nunavutmarinecouncil.com\/fr\/wp-json\/wp\/v2\/pages\/1265\/revisions"}],"predecessor-version":[{"id":1268,"href":"https:\/\/www.nunavutmarinecouncil.com\/fr\/wp-json\/wp\/v2\/pages\/1265\/revisions\/1268"}],"wp:attachment":[{"href":"https:\/\/www.nunavutmarinecouncil.com\/fr\/wp-json\/wp\/v2\/media?parent=1265"}],"curies":[{"name":"wp","href":"https:\/\/api.w.org\/{rel}","templated":true}]}}